{"id":6049,"date":"2023-12-02T21:04:59","date_gmt":"2023-12-02T20:04:59","guid":{"rendered":"https:\/\/nkcenter.cz\/?page_id=6049"},"modified":"2023-12-02T21:05:42","modified_gmt":"2023-12-02T20:05:42","slug":"dotaznik","status":"publish","type":"page","link":"https:\/\/nkcenter.cz\/cs\/dotaznik\/","title":{"rendered":"Dotaznik"},"content":{"rendered":"<div class=\"wpforms-container wpforms-container-full\" id=\"wpforms-6033\"><form id=\"wpforms-form-6033\" class=\"wpforms-validate wpforms-form wpforms-ajax-form\" data-formid=\"6033\" method=\"post\" enctype=\"multipart\/form-data\" action=\"\/cs\/wp-json\/wp\/v2\/pages\/6049\" data-token=\"ad9f696b47f92ca292fa64d5ba8ee46b\"><noscript class=\"wpforms-error-noscript\">Chcete-li vyplnit tento formul\u00e1\u0159, pros\u00edm povolte v prohl\u00ed\u017ee\u010di JavaScript.<\/noscript><div class=\"wpforms-field-container\"><div id=\"wpforms-6033-field_8-container\" class=\"wpforms-field wpforms-field-name\" data-field-id=\"8\"><label class=\"wpforms-field-label\" for=\"wpforms-6033-field_8\">Jm\u00e9no a p\u0159\u00edjmen\u00ed <span class=\"wpforms-required-label\">*<\/span><\/label><input type=\"text\" id=\"wpforms-6033-field_8\" class=\"wpforms-field-medium wpforms-field-required\" name=\"wpforms[fields][8]\" required><\/div><div id=\"wpforms-6033-field_9-container\" class=\"wpforms-field wpforms-field-name\" data-field-id=\"9\"><label class=\"wpforms-field-label\" for=\"wpforms-6033-field_9\">E-mail <span class=\"wpforms-required-label\">*<\/span><\/label><input type=\"text\" id=\"wpforms-6033-field_9\" class=\"wpforms-field-medium wpforms-field-required\" name=\"wpforms[fields][9]\" required><\/div><div id=\"wpforms-6033-field_10-container\" class=\"wpforms-field wpforms-field-name\" data-field-id=\"10\"><label class=\"wpforms-field-label\" for=\"wpforms-6033-field_10\">Tel. \u010d\u00edslo <span class=\"wpforms-required-label\">*<\/span><\/label><input type=\"text\" id=\"wpforms-6033-field_10\" class=\"wpforms-field-medium wpforms-field-required\" name=\"wpforms[fields][10]\" required><\/div><div id=\"wpforms-6033-field_3-container\" class=\"wpforms-field wpforms-field-radio\" data-field-id=\"3\"><label class=\"wpforms-field-label\" for=\"wpforms-6033-field_3\">Odkud jste se o n\u00e1s dozv\u011bd\u011bli? <span class=\"wpforms-required-label\">*<\/span><\/label><ul id=\"wpforms-6033-field_3\" class=\"wpforms-field-required\"><li class=\"choice-1 depth-1\"><input type=\"radio\" id=\"wpforms-6033-field_3_1\" name=\"wpforms[fields][3]\" value=\"Od kamar\u00e1d\u016f\" required ><label class=\"wpforms-field-label-inline\" for=\"wpforms-6033-field_3_1\">Od kamar\u00e1d\u016f<\/label><\/li><li class=\"choice-2 depth-1\"><input type=\"radio\" id=\"wpforms-6033-field_3_2\" name=\"wpforms[fields][3]\" value=\"Z internetu\" required ><label class=\"wpforms-field-label-inline\" for=\"wpforms-6033-field_3_2\">Z internetu<\/label><\/li><li class=\"choice-3 depth-1\"><input type=\"radio\" id=\"wpforms-6033-field_3_3\" name=\"wpforms[fields][3]\" value=\"Letak nebo vizitka\" required ><label class=\"wpforms-field-label-inline\" for=\"wpforms-6033-field_3_3\">Letak nebo vizitka<\/label><\/li><\/ul><\/div><div id=\"wpforms-6033-field_4-container\" class=\"wpforms-field wpforms-field-radio\" data-field-id=\"4\"><label class=\"wpforms-field-label\" for=\"wpforms-6033-field_4\">Kolik je V\u00e1m let? <span class=\"wpforms-required-label\">*<\/span><\/label><ul id=\"wpforms-6033-field_4\" class=\"wpforms-field-required\"><li class=\"choice-1 depth-1\"><input type=\"radio\" id=\"wpforms-6033-field_4_1\" name=\"wpforms[fields][4]\" value=\"0-16\" required ><label class=\"wpforms-field-label-inline\" for=\"wpforms-6033-field_4_1\">0-16<\/label><\/li><li class=\"choice-2 depth-1\"><input type=\"radio\" id=\"wpforms-6033-field_4_2\" name=\"wpforms[fields][4]\" value=\"16-30\" required ><label class=\"wpforms-field-label-inline\" for=\"wpforms-6033-field_4_2\">16-30<\/label><\/li><li class=\"choice-3 depth-1\"><input type=\"radio\" id=\"wpforms-6033-field_4_3\" name=\"wpforms[fields][4]\" value=\"30-40\" required ><label class=\"wpforms-field-label-inline\" for=\"wpforms-6033-field_4_3\">30-40<\/label><\/li><li class=\"choice-4 depth-1\"><input type=\"radio\" id=\"wpforms-6033-field_4_4\" name=\"wpforms[fields][4]\" value=\"40 nebo vic\" required ><label class=\"wpforms-field-label-inline\" for=\"wpforms-6033-field_4_4\">40 nebo vic<\/label><\/li><\/ul><\/div><div id=\"wpforms-6033-field_5-container\" class=\"wpforms-field wpforms-field-text\" data-field-id=\"5\"><label class=\"wpforms-field-label\" for=\"wpforms-6033-field_5\">Co v\u00e1s tr\u00e1p\u00ed? (stru\u010dn\u011b) <span class=\"wpforms-required-label\">*<\/span><\/label><input type=\"text\" id=\"wpforms-6033-field_5\" class=\"wpforms-field-medium wpforms-field-required\" name=\"wpforms[fields][5]\" required><\/div><div id=\"wpforms-6033-field_6-container\" class=\"wpforms-field wpforms-field-checkbox\" data-field-id=\"6\"><label class=\"wpforms-field-label\" for=\"wpforms-6033-field_6\">Slu\u017eby o kter\u00fdch mate zajem? <span class=\"wpforms-required-label\">*<\/span><\/label><ul id=\"wpforms-6033-field_6\" class=\"wpforms-field-required\"><li class=\"choice-1 depth-1\"><input type=\"checkbox\" id=\"wpforms-6033-field_6_1\" name=\"wpforms[fields][6][]\" value=\"Dietolog\" required ><label class=\"wpforms-field-label-inline\" for=\"wpforms-6033-field_6_1\">Dietolog<\/label><\/li><li class=\"choice-2 depth-1\"><input type=\"checkbox\" id=\"wpforms-6033-field_6_2\" name=\"wpforms[fields][6][]\" value=\"Diagnostika\" required ><label class=\"wpforms-field-label-inline\" for=\"wpforms-6033-field_6_2\">Diagnostika<\/label><\/li><li class=\"choice-3 depth-1\"><input type=\"checkbox\" id=\"wpforms-6033-field_6_3\" name=\"wpforms[fields][6][]\" value=\"Pe\u010de o obli\u010dej\" required ><label class=\"wpforms-field-label-inline\" for=\"wpforms-6033-field_6_3\">Pe\u010de o obli\u010dej<\/label><\/li><li class=\"choice-4 depth-1\"><input type=\"checkbox\" id=\"wpforms-6033-field_6_4\" name=\"wpforms[fields][6][]\" value=\"Pe\u010de o t\u011blo\" required ><label class=\"wpforms-field-label-inline\" for=\"wpforms-6033-field_6_4\">Pe\u010de o t\u011blo<\/label><\/li><\/ul><\/div><\/div><div class=\"wpforms-submit-container\"><input type=\"hidden\" name=\"wpforms[id]\" value=\"6033\"><input type=\"hidden\" name=\"wpforms[author]\" value=\"1\"><button type=\"submit\" name=\"wpforms[submit]\" id=\"wpforms-submit-6033\" class=\"wpforms-submit\" data-alt-text=\"Odesl\u00e1n\u00ed......\" data-submit-text=\"Odeslat\" aria-live=\"assertive\" value=\"wpforms-submit\">Odeslat<\/button><img loading=\"lazy\" decoding=\"async\" src=\"https:\/\/nkcenter.cz\/wp-content\/plugins\/wpforms\/assets\/images\/submit-spin.svg\" class=\"wpforms-submit-spinner\" style=\"display: none;\" width=\"26\" height=\"26\" alt=\"Na\u010d\u00edt\u00e1n\u00ed\"><\/div><\/form><\/div>  <!-- .wpforms-container -->\n","protected":false},"excerpt":{"rendered":"Chcete-li vyplnit tento formul\u00e1\u0159, pros\u00edm povolte v prohl\u00ed\u017ee\u010di JavaScript.Jm\u00e9no a p\u0159\u00edjmen\u00ed *E-mail *Tel. \u010d\u00edslo *Odkud jste se o n\u00e1s dozv\u011bd\u011bli? *Od kamar\u00e1d\u016fZ internetuLetak nebo vizitkaKolik je V\u00e1m let? *0-1616-3030-4040 nebo vicCo v\u00e1s tr\u00e1p\u00ed? (stru\u010dn\u011b) *Slu\u017eby o kter\u00fdch mate zajem? *DietologDiagnostikaPe\u010de o obli\u010dejPe\u010de o t\u011bloOdeslat","protected":false},"author":1,"featured_media":0,"parent":0,"menu_order":0,"comment_status":"closed","ping_status":"closed","template":"","meta":{"footnotes":""},"class_list":["post-6049","page","type-page","status-publish","hentry"],"yoast_head":"<!-- This site is optimized with the Yoast SEO Premium plugin v20.0 (Yoast SEO v25.0) - https:\/\/yoast.com\/wordpress\/plugins\/seo\/ -->\n<title>Dotaznik - \u0426\u0435\u043d\u0442\u0440 \u043a\u0440\u0430\u0441\u043e\u0442\u044b \u0438 \u0437\u0434\u043e\u0440\u043e\u0432\u044c\u044f NK<\/title>\n<meta name=\"robots\" content=\"index, follow, max-snippet:-1, max-image-preview:large, max-video-preview:-1\" \/>\n<link rel=\"canonical\" href=\"https:\/\/nkcenter.cz\/cs\/dotaznik\/\" \/>\n<meta property=\"og:locale\" content=\"cs_CZ\" \/>\n<meta property=\"og:type\" content=\"article\" \/>\n<meta property=\"og:title\" content=\"Dotaznik\" \/>\n<meta property=\"og:url\" content=\"https:\/\/nkcenter.cz\/cs\/dotaznik\/\" \/>\n<meta property=\"og:site_name\" content=\"\u0426\u0435\u043d\u0442\u0440 \u043a\u0440\u0430\u0441\u043e\u0442\u044b \u0438 \u0437\u0434\u043e\u0440\u043e\u0432\u044c\u044f NK\" \/>\n<meta property=\"article:modified_time\" content=\"2023-12-02T20:05:42+00:00\" \/>\n<meta name=\"twitter:card\" content=\"summary_large_image\" \/>\n<script type=\"application\/ld+json\" class=\"yoast-schema-graph\">{\"@context\":\"https:\/\/schema.org\",\"@graph\":[{\"@type\":\"WebPage\",\"@id\":\"https:\/\/nkcenter.cz\/cs\/dotaznik\/\",\"url\":\"https:\/\/nkcenter.cz\/cs\/dotaznik\/\",\"name\":\"Dotaznik - \u0426\u0435\u043d\u0442\u0440 \u043a\u0440\u0430\u0441\u043e\u0442\u044b \u0438 \u0437\u0434\u043e\u0440\u043e\u0432\u044c\u044f NK\",\"isPartOf\":{\"@id\":\"https:\/\/nkcenter.cz\/#website\"},\"datePublished\":\"2023-12-02T20:04:59+00:00\",\"dateModified\":\"2023-12-02T20:05:42+00:00\",\"breadcrumb\":{\"@id\":\"https:\/\/nkcenter.cz\/cs\/dotaznik\/#breadcrumb\"},\"inLanguage\":\"cs\",\"potentialAction\":[{\"@type\":\"ReadAction\",\"target\":[\"https:\/\/nkcenter.cz\/cs\/dotaznik\/\"]}]},{\"@type\":\"BreadcrumbList\",\"@id\":\"https:\/\/nkcenter.cz\/cs\/dotaznik\/#breadcrumb\",\"itemListElement\":[{\"@type\":\"ListItem\",\"position\":1,\"name\":\"\u0413\u043b\u0430\u0432\u043d\u0430\u044f \u0441\u0442\u0440\u0430\u043d\u0438\u0446\u0430\",\"item\":\"https:\/\/nkcenter.cz\/cs\/\"},{\"@type\":\"ListItem\",\"position\":2,\"name\":\"Dotaznik\"}]},{\"@type\":\"WebSite\",\"@id\":\"https:\/\/nkcenter.cz\/#website\",\"url\":\"https:\/\/nkcenter.cz\/\",\"name\":\"\u0426\u0435\u043d\u0442\u0440 \u043a\u0440\u0430\u0441\u043e\u0442\u044b \u0438 \u0437\u0434\u043e\u0440\u043e\u0432\u044c\u044f NK\",\"description\":\"\",\"potentialAction\":[{\"@type\":\"SearchAction\",\"target\":{\"@type\":\"EntryPoint\",\"urlTemplate\":\"https:\/\/nkcenter.cz\/?s={search_term_string}\"},\"query-input\":{\"@type\":\"PropertyValueSpecification\",\"valueRequired\":true,\"valueName\":\"search_term_string\"}}],\"inLanguage\":\"cs\"}]}<\/script>\n<!-- \/ Yoast SEO Premium plugin. -->","yoast_head_json":{"title":"Dotaznik - \u0426\u0435\u043d\u0442\u0440 \u043a\u0440\u0430\u0441\u043e\u0442\u044b \u0438 \u0437\u0434\u043e\u0440\u043e\u0432\u044c\u044f NK","robots":{"index":"index","follow":"follow","max-snippet":"max-snippet:-1","max-image-preview":"max-image-preview:large","max-video-preview":"max-video-preview:-1"},"canonical":"https:\/\/nkcenter.cz\/cs\/dotaznik\/","og_locale":"cs_CZ","og_type":"article","og_title":"Dotaznik","og_url":"https:\/\/nkcenter.cz\/cs\/dotaznik\/","og_site_name":"\u0426\u0435\u043d\u0442\u0440 \u043a\u0440\u0430\u0441\u043e\u0442\u044b \u0438 \u0437\u0434\u043e\u0440\u043e\u0432\u044c\u044f NK","article_modified_time":"2023-12-02T20:05:42+00:00","twitter_card":"summary_large_image","schema":{"@context":"https:\/\/schema.org","@graph":[{"@type":"WebPage","@id":"https:\/\/nkcenter.cz\/cs\/dotaznik\/","url":"https:\/\/nkcenter.cz\/cs\/dotaznik\/","name":"Dotaznik - \u0426\u0435\u043d\u0442\u0440 \u043a\u0440\u0430\u0441\u043e\u0442\u044b \u0438 \u0437\u0434\u043e\u0440\u043e\u0432\u044c\u044f NK","isPartOf":{"@id":"https:\/\/nkcenter.cz\/#website"},"datePublished":"2023-12-02T20:04:59+00:00","dateModified":"2023-12-02T20:05:42+00:00","breadcrumb":{"@id":"https:\/\/nkcenter.cz\/cs\/dotaznik\/#breadcrumb"},"inLanguage":"cs","potentialAction":[{"@type":"ReadAction","target":["https:\/\/nkcenter.cz\/cs\/dotaznik\/"]}]},{"@type":"BreadcrumbList","@id":"https:\/\/nkcenter.cz\/cs\/dotaznik\/#breadcrumb","itemListElement":[{"@type":"ListItem","position":1,"name":"\u0413\u043b\u0430\u0432\u043d\u0430\u044f \u0441\u0442\u0440\u0430\u043d\u0438\u0446\u0430","item":"https:\/\/nkcenter.cz\/cs\/"},{"@type":"ListItem","position":2,"name":"Dotaznik"}]},{"@type":"WebSite","@id":"https:\/\/nkcenter.cz\/#website","url":"https:\/\/nkcenter.cz\/","name":"\u0426\u0435\u043d\u0442\u0440 \u043a\u0440\u0430\u0441\u043e\u0442\u044b \u0438 \u0437\u0434\u043e\u0440\u043e\u0432\u044c\u044f NK","description":"","potentialAction":[{"@type":"SearchAction","target":{"@type":"EntryPoint","urlTemplate":"https:\/\/nkcenter.cz\/?s={search_term_string}"},"query-input":{"@type":"PropertyValueSpecification","valueRequired":true,"valueName":"search_term_string"}}],"inLanguage":"cs"}]}},"_links":{"self":[{"href":"https:\/\/nkcenter.cz\/cs\/wp-json\/wp\/v2\/pages\/6049","targetHints":{"allow":["GET"]}}],"collection":[{"href":"https:\/\/nkcenter.cz\/cs\/wp-json\/wp\/v2\/pages"}],"about":[{"href":"https:\/\/nkcenter.cz\/cs\/wp-json\/wp\/v2\/types\/page"}],"author":[{"embeddable":true,"href":"https:\/\/nkcenter.cz\/cs\/wp-json\/wp\/v2\/users\/1"}],"replies":[{"embeddable":true,"href":"https:\/\/nkcenter.cz\/cs\/wp-json\/wp\/v2\/comments?post=6049"}],"version-history":[{"count":2,"href":"https:\/\/nkcenter.cz\/cs\/wp-json\/wp\/v2\/pages\/6049\/revisions"}],"predecessor-version":[{"id":6052,"href":"https:\/\/nkcenter.cz\/cs\/wp-json\/wp\/v2\/pages\/6049\/revisions\/6052"}],"wp:attachment":[{"href":"https:\/\/nkcenter.cz\/cs\/wp-json\/wp\/v2\/media?parent=6049"}],"curies":[{"name":"wp","href":"https:\/\/api.w.org\/{rel}","templated":true}]}}