{"id":5290,"date":"2023-10-25T14:44:57","date_gmt":"2023-10-25T12:44:57","guid":{"rendered":"https:\/\/nkcenter.cz\/?page_id=5290"},"modified":"2024-04-06T21:08:01","modified_gmt":"2024-04-06T19:08:01","slug":"kontakty","status":"publish","type":"page","link":"https:\/\/nkcenter.cz\/cs\/kontakty\/","title":{"rendered":"Kontakty"},"content":{"rendered":"<div class=\"wpb-content-wrapper\"><p>[vc_row row_type=&#8221;no-container&#8221;][vc_column][vc_gmaps link=&#8221;#E-8_JTNDaWZyYW1lJTIwc3JjJTNEJTIyaHR0cHMlM0ElMkYlMkZ3d3cuZ29vZ2xlLmNvbSUyRm1hcHMlMkZlbWJlZCUzRnBiJTNEJTIxMW0xOCUyMTFtMTIlMjExbTMlMjExZDM0NDQ1LjEwODgwNDQyMzg4NiUyMTJkMTQuMzU4OTI2MDg3OTU3NzA5JTIxM2Q1MC4wODM1MTUzMDk2MzkyNiUyMTJtMyUyMTFmMCUyMTJmMCUyMTNmMCUyMTNtMiUyMTFpMTAyNCUyMTJpNzY4JTIxNGYxMy4xJTIxM20zJTIxMW0yJTIxMXMweDQ3MGI5NGY4ZTg3NTViY2IlMjUzQTB4MzhiNmI0NjI4YWEwM2M0NSUyMTJ6eGFCMFpXYkRvVzVwYTI5MllTQXhPQzh5TlN3Z01UVXdJREF3SUZCeVlXaGhJRFV0VTIzRHJXTm9iM1klMjE1ZTAlMjEzbTIlMjExc2NzJTIxMnNjeiUyMTR2MTcxMjQyNTg2OTA1MiUyMTVtMiUyMTFzY3MlMjEyc2N6JTIyJTIwd2lkdGglM0QlMjI2MDAlMjIlMjBoZWlnaHQlM0QlMjI0NTAlMjIlMjBzdHlsZSUzRCUyMmJvcmRlciUzQTAlM0IlMjIlMjBhbGxvd2Z1bGxzY3JlZW4lM0QlMjIlMjIlMjBsb2FkaW5nJTNEJTIybGF6eSUyMiUyMHJlZmVycmVycG9saWN5JTNEJTIybm8tcmVmZXJyZXItd2hlbi1kb3duZ3JhZGUlMjIlM0UlM0MlMkZpZnJhbWUlM0U=&#8221; el_class=&#8221;ro_overlay_map&#8221;][\/vc_column][\/vc_row][vc_row css=&#8221;.vc_custom_1447253490811{padding-top: 90px !important;padding-bottom: 90px !important;background-color: #ffffff !important;}&#8221;][vc_column offset=&#8221;vc_col-lg-4 vc_col-md-4&#8243;]\t<div class=\"ro-info-box \">\n\t\t<div class =\"ro-inner\">\n\t\t\t<svg width=\"0\" height=\"0\">\n\t\t\t\t<defs>\n\t\t\t\t\t<linearGradient id=\"ro-text-gradient\" x1=\"0%\" y1=\"0%\" x2=\"100%\" y2=\"0%\">\n\t\t\t\t\t\t<stop offset=\"0%\" style=\"stop-color:#0084ff;\" \/>\n\t\t\t\t\t\t<stop offset=\"100%\" style=\"stop-color:#a360ff;\" \/>\n\t\t\t\t\t<\/linearGradient>\t\n\t\t\t\t<\/defs>\n\t\t\t<\/svg>\n\t\t\t<h5 class=\"ro-title\"><\/h5>\n\t\t\t<div class=\"ro-icon-gradient\">\n\t\t\t\t<svg width=\"31\" height=\"60\">\n\t\t\t\t\t<text class=\"ro-text-gradient\" x=\"1\" y=\"49\" fill=\"url(#ro-text-gradient)\">\uf041<\/text>\n\t\t\t\t<\/svg>\n\t\t\t<\/div>\n\t\t\t<!--i class=\"\"><\/i-->\n\t\t\t<div class=\"ro-content\">150 00 Praha,<\/p>\n<p>\u0160tef\u00e1nikova 18\/25<\/div>\n\t\t<\/div>\n\t<\/div>\n    [\/vc_column][vc_column el_class=&#8221;text-center&#8221; offset=&#8221;vc_col-lg-4 vc_col-md-4&#8243;]\t<div class=\"ro-info-box \">\n\t\t<div class =\"ro-inner\">\n\t\t\t<svg width=\"0\" height=\"0\">\n\t\t\t\t<defs>\n\t\t\t\t\t<linearGradient id=\"ro-text-gradient\" x1=\"0%\" y1=\"0%\" x2=\"100%\" y2=\"0%\">\n\t\t\t\t\t\t<stop offset=\"0%\" style=\"stop-color:#0084ff;\" \/>\n\t\t\t\t\t\t<stop offset=\"100%\" style=\"stop-color:#a360ff;\" \/>\n\t\t\t\t\t<\/linearGradient>\t\n\t\t\t\t<\/defs>\n\t\t\t<\/svg>\n\t\t\t<h5 class=\"ro-title\"><\/h5>\n\t\t\t<div class=\"ro-icon-gradient\">\n\t\t\t\t<svg width=\"24\" height=\"60\">\n\t\t\t\t\t<text class=\"ro-text-gradient\" x=\"1\" y=\"49\" fill=\"url(#ro-text-gradient)\">\uf10b<\/text>\n\t\t\t\t<\/svg>\n\t\t\t<\/div>\n\t\t\t<!--i class=\"\"><\/i-->\n\t\t\t<div class=\"ro-content\"><a href=\"tel:+420775674930\">+ (420) 775 674 930<\/a><\/p>\n<p><a href=\"tel:+380984273121\">+ (380) 98 427 3121<\/a><\/div>\n\t\t<\/div>\n\t<\/div>\n    [\/vc_column][vc_column el_class=&#8221;text-right&#8221; offset=&#8221;vc_col-lg-4 vc_col-md-4&#8243;]\t<div class=\"ro-info-box \">\n\t\t<div class =\"ro-inner\">\n\t\t\t<svg width=\"0\" height=\"0\">\n\t\t\t\t<defs>\n\t\t\t\t\t<linearGradient id=\"ro-text-gradient\" x1=\"0%\" y1=\"0%\" x2=\"100%\" y2=\"0%\">\n\t\t\t\t\t\t<stop offset=\"0%\" style=\"stop-color:#0084ff;\" \/>\n\t\t\t\t\t\t<stop offset=\"100%\" style=\"stop-color:#a360ff;\" \/>\n\t\t\t\t\t<\/linearGradient>\t\n\t\t\t\t<\/defs>\n\t\t\t<\/svg>\n\t\t\t<h5 class=\"ro-title\"><\/h5>\n\t\t\t<div class=\"ro-icon-gradient\">\n\t\t\t\t<svg width=\"51\" height=\"60\">\n\t\t\t\t\t<text class=\"ro-text-gradient\" x=\"1\" y=\"49\" fill=\"url(#ro-text-gradient)\">\uf1d9<\/text>\n\t\t\t\t<\/svg>\n\t\t\t<\/div>\n\t\t\t<!--i class=\"\"><\/i-->\n\t\t\t<div class=\"ro-content\"><a href=\"mailto:ok@nkcenter.cz\">ok@nkcenter.cz<\/a><\/div>\n\t\t<\/div>\n\t<\/div>\n    [\/vc_column][\/vc_row][vc_row css=&#8221;.vc_custom_1447255909485{padding-top: 120px !important;padding-bottom: 90px !important;background-color: #f8f8f8 !important;}&#8221;][vc_column]\t\t<div class=\"ro-icon-style2 ro-center \">\n\t\t\t<i class=\"fa fa-pencil\"><\/i>\n\t\t<\/div>\n\t\t\n    \t\t<div class=\"ro-hr-heading \">\n\t\t\t<h2 class=\"ro-text\">Napi\u0161te n\u00e1m<\/h2><div class=\"ro-subtext\">Zanechte n\u00e1m jm\u00e9no a va\u0161i zpr\u00e1vu a my se ozveme co nejd\u0159\u00edve zp\u011bt.<\/div>\t\t<\/div>\n    \n<div class=\"wpcf7 no-js\" id=\"wpcf7-f5967-o1\" lang=\"en-US\" dir=\"ltr\" data-wpcf7-id=\"5967\">\n<div class=\"screen-reader-response\"><p role=\"status\" aria-live=\"polite\" aria-atomic=\"true\"><\/p> <ul><\/ul><\/div>\n<form action=\"\/cs\/wp-json\/wp\/v2\/pages\/5290#wpcf7-f5967-o1\" method=\"post\" class=\"wpcf7-form init\" aria-label=\"Contact form\" novalidate=\"novalidate\" data-status=\"init\">\n<div style=\"display: none;\">\n<input type=\"hidden\" name=\"_wpcf7\" value=\"5967\" \/>\n<input type=\"hidden\" name=\"_wpcf7_version\" value=\"6.0.6\" \/>\n<input type=\"hidden\" name=\"_wpcf7_locale\" value=\"en_US\" \/>\n<input type=\"hidden\" name=\"_wpcf7_unit_tag\" value=\"wpcf7-f5967-o1\" \/>\n<input type=\"hidden\" name=\"_wpcf7_container_post\" value=\"0\" \/>\n<input type=\"hidden\" name=\"_wpcf7_posted_data_hash\" value=\"\" \/>\n<\/div>\n<div class=\"ro-contact-us\">\n\t<div class=\"row\">\n\t\t<div class=\"col-md-6\">\n\t\t\t<p><span class=\"wpcf7-form-control-wrap\" data-name=\"text-743\"><input size=\"40\" maxlength=\"400\" class=\"wpcf7-form-control wpcf7-text wpcf7-validates-as-required ro-your-name\" id=\"ro_your_name\" aria-required=\"true\" aria-invalid=\"false\" placeholder=\"Jmeno\" value=\"\" type=\"text\" name=\"text-743\" \/><\/span>\n\t\t\t<\/p>\n\t\t<\/div>\n\t\t<div class=\"col-md-6\">\n\t\t\t<p><span class=\"wpcf7-form-control-wrap\" data-name=\"text-733\"><input size=\"40\" maxlength=\"400\" class=\"wpcf7-form-control wpcf7-text wpcf7-validates-as-required ro-phone-number\" id=\"ro_phone_number\" aria-required=\"true\" aria-invalid=\"false\" placeholder=\"Telefonn\u00ed \u010dislo\" value=\"\" type=\"text\" name=\"text-733\" \/><\/span>\n\t\t\t<\/p>\n\t\t<\/div>\n\t<\/div>\n<!--\n<div class=\"row\">\n<div class=\"col-md-6\"><span class=\"wpcf7-form-control-wrap\" data-name=\"email-472\"><input size=\"40\" maxlength=\"400\" class=\"wpcf7-form-control wpcf7-email wpcf7-text wpcf7-validates-as-email ro-email-address\" id=\"ro_email_address\" aria-invalid=\"false\" placeholder=\"Email Address\" value=\"\" type=\"email\" name=\"email-472\" \/><\/span><\/div>\n<div class=\"col-md-6\"><span class=\"wpcf7-form-control-wrap\" data-name=\"text-405\"><input size=\"40\" maxlength=\"400\" class=\"wpcf7-form-control wpcf7-text ro-website\" id=\"ro_website\" aria-invalid=\"false\" placeholder=\"Website\" value=\"\" type=\"text\" name=\"text-405\" \/><\/span><\/div>\n<\/div>\n-->\n\t<div class=\"row\">\n\t\t<div class=\"col-md-12\">\n\t\t\t<p><span class=\"wpcf7-form-control-wrap\" data-name=\"textarea-975\"><textarea cols=\"40\" rows=\"10\" maxlength=\"2000\" class=\"wpcf7-form-control wpcf7-textarea ro-your-message\" id=\"ro_your_message\" aria-invalid=\"false\" placeholder=\"Zpr\u00e1va\" name=\"textarea-975\"><\/textarea><\/span>\n\t\t\t<\/p>\n\t\t<\/div>\n\t<\/div>\n\t<div class=\"row\">\n\t\t<div class=\"col-md-12\">\n\t\t\t<p><input class=\"wpcf7-form-control wpcf7-submit has-spinner ro-submit\" type=\"submit\" value=\"Odeslat\" \/>\n\t\t\t<\/p>\n\t\t<\/div>\n\t<\/div>\n<\/div><div class=\"wpcf7-response-output\" aria-hidden=\"true\"><\/div>\n<\/form>\n<\/div>\n[\/vc_column][\/vc_row]<\/p>\n<\/div>","protected":false},"excerpt":{"rendered":"<p>[vc_row row_type=&#8221;no-container&#8221;][vc_column][vc_gmaps link=&#8221;#E-8_JTNDaWZyYW1lJTIwc3JjJTNEJTIyaHR0cHMlM0ElMkYlMkZ3d3cuZ29vZ2xlLmNvbSUyRm1hcHMlMkZlbWJlZCUzRnBiJTNEJTIxMW0xOCUyMTFtMTIlMjExbTMlMjExZDM0NDQ1LjEwODgwNDQyMzg4NiUyMTJkMTQuMzU4OTI2MDg3OTU3NzA5JTIxM2Q1MC4wODM1MTUzMDk2MzkyNiUyMTJtMyUyMTFmMCUyMTJmMCUyMTNmMCUyMTNtMiUyMTFpMTAyNCUyMTJpNzY4JTIxNGYxMy4xJTIxM20zJTIxMW0yJTIxMXMweDQ3MGI5NGY4ZTg3NTViY2IlMjUzQTB4MzhiNmI0NjI4YWEwM2M0NSUyMTJ6eGFCMFpXYkRvVzVwYTI5MllTQXhPQzh5TlN3Z01UVXdJREF3SUZCeVlXaGhJRFV0VTIzRHJXTm9iM1klMjE1ZTAlMjEzbTIlMjExc2NzJTIxMnNjeiUyMTR2MTcxMjQyNTg2OTA1MiUyMTVtMiUyMTFzY3MlMjEyc2N6JTIyJTIwd2lkdGglM0QlMjI2MDAlMjIlMjBoZWlnaHQlM0QlMjI0NTAlMjIlMjBzdHlsZSUzRCUyMmJvcmRlciUzQTAlM0IlMjIlMjBhbGxvd2Z1bGxzY3JlZW4lM0QlMjIlMjIlMjBsb2FkaW5nJTNEJTIybGF6eSUyMiUyMHJlZmVycmVycG9saWN5JTNEJTIybm8tcmVmZXJyZXItd2hlbi1kb3duZ3JhZGUlMjIlM0UlM0MlMkZpZnJhbWUlM0U=&#8221; el_class=&#8221;ro_overlay_map&#8221;][\/vc_column][\/vc_row][vc_row css=&#8221;.vc_custom_1447253490811{padding-top: 90px !important;padding-bottom: 90px !important;background-color: #ffffff !important;}&#8221;][vc_column offset=&#8221;vc_col-lg-4 vc_col-md-4&#8243;][\/vc_column][vc_column el_class=&#8221;text-center&#8221; offset=&#8221;vc_col-lg-4 vc_col-md-4&#8243;][\/vc_column][vc_column el_class=&#8221;text-right&#8221; offset=&#8221;vc_col-lg-4 vc_col-md-4&#8243;][\/vc_column][\/vc_row][vc_row css=&#8221;.vc_custom_1447255909485{padding-top: 120px !important;padding-bottom: 90px !important;background-color: #f8f8f8 !important;}&#8221;][vc_column][\/vc_column][\/vc_row]<\/p>\n","protected":false},"author":1,"featured_media":0,"parent":0,"menu_order":0,"comment_status":"closed","ping_status":"closed","template":"","meta":{"footnotes":""},"class_list":["post-5290","page","type-page","status-publish","hentry"],"yoast_head":"<!-- This site is optimized with the Yoast SEO Premium plugin v20.0 (Yoast SEO v25.0) - https:\/\/yoast.com\/wordpress\/plugins\/seo\/ -->\n<title>Kontakty - \u0426\u0435\u043d\u0442\u0440 \u043a\u0440\u0430\u0441\u043e\u0442\u044b \u0438 \u0437\u0434\u043e\u0440\u043e\u0432\u044c\u044f NK<\/title>\n<meta name=\"robots\" content=\"index, follow, max-snippet:-1, max-image-preview:large, max-video-preview:-1\" \/>\n<link rel=\"canonical\" href=\"https:\/\/nkcenter.cz\/cs\/kontakty\/\" \/>\n<meta property=\"og:locale\" content=\"cs_CZ\" \/>\n<meta property=\"og:type\" content=\"article\" \/>\n<meta property=\"og:title\" content=\"Kontakty\" \/>\n<meta property=\"og:description\" content=\"[vc_row row_type=&#8221;no-container&#8221;][vc_column][vc_gmaps link=&#8221;#E-8_JTNDaWZyYW1lJTIwc3JjJTNEJTIyaHR0cHMlM0ElMkYlMkZ3d3cuZ29vZ2xlLmNvbSUyRm1hcHMlMkZlbWJlZCUzRnBiJTNEJTIxMW0xOCUyMTFtMTIlMjExbTMlMjExZDM0NDQ1LjEwODgwNDQyMzg4NiUyMTJkMTQuMzU4OTI2MDg3OTU3NzA5JTIxM2Q1MC4wODM1MTUzMDk2MzkyNiUyMTJtMyUyMTFmMCUyMTJmMCUyMTNmMCUyMTNtMiUyMTFpMTAyNCUyMTJpNzY4JTIxNGYxMy4xJTIxM20zJTIxMW0yJTIxMXMweDQ3MGI5NGY4ZTg3NTViY2IlMjUzQTB4MzhiNmI0NjI4YWEwM2M0NSUyMTJ6eGFCMFpXYkRvVzVwYTI5MllTQXhPQzh5TlN3Z01UVXdJREF3SUZCeVlXaGhJRFV0VTIzRHJXTm9iM1klMjE1ZTAlMjEzbTIlMjExc2NzJTIxMnNjeiUyMTR2MTcxMjQyNTg2OTA1MiUyMTVtMiUyMTFzY3MlMjEyc2N6JTIyJTIwd2lkdGglM0QlMjI2MDAlMjIlMjBoZWlnaHQlM0QlMjI0NTAlMjIlMjBzdHlsZSUzRCUyMmJvcmRlciUzQTAlM0IlMjIlMjBhbGxvd2Z1bGxzY3JlZW4lM0QlMjIlMjIlMjBsb2FkaW5nJTNEJTIybGF6eSUyMiUyMHJlZmVycmVycG9saWN5JTNEJTIybm8tcmVmZXJyZXItd2hlbi1kb3duZ3JhZGUlMjIlM0UlM0MlMkZpZnJhbWUlM0U=&#8221; el_class=&#8221;ro_overlay_map&#8221;][\/vc_column][\/vc_row][vc_row css=&#8221;.vc_custom_1447253490811{padding-top: 90px !important;padding-bottom: 90px !important;background-color: #ffffff !important;}&#8221;][vc_column offset=&#8221;vc_col-lg-4 vc_col-md-4&#8243;][\/vc_column][vc_column el_class=&#8221;text-center&#8221; offset=&#8221;vc_col-lg-4 vc_col-md-4&#8243;][\/vc_column][vc_column el_class=&#8221;text-right&#8221; offset=&#8221;vc_col-lg-4 vc_col-md-4&#8243;][\/vc_column][\/vc_row][vc_row css=&#8221;.vc_custom_1447255909485{padding-top: 120px !important;padding-bottom: 90px !important;background-color: #f8f8f8 !important;}&#8221;][vc_column][\/vc_column][\/vc_row]\" \/>\n<meta property=\"og:url\" content=\"https:\/\/nkcenter.cz\/cs\/kontakty\/\" \/>\n<meta property=\"og:site_name\" content=\"\u0426\u0435\u043d\u0442\u0440 \u043a\u0440\u0430\u0441\u043e\u0442\u044b \u0438 \u0437\u0434\u043e\u0440\u043e\u0432\u044c\u044f NK\" \/>\n<meta property=\"article:modified_time\" content=\"2024-04-06T19:08:01+00:00\" \/>\n<meta name=\"twitter:card\" content=\"summary_large_image\" \/>\n<script type=\"application\/ld+json\" class=\"yoast-schema-graph\">{\"@context\":\"https:\/\/schema.org\",\"@graph\":[{\"@type\":\"WebPage\",\"@id\":\"https:\/\/nkcenter.cz\/cs\/kontakty\/\",\"url\":\"https:\/\/nkcenter.cz\/cs\/kontakty\/\",\"name\":\"Kontakty - \u0426\u0435\u043d\u0442\u0440 \u043a\u0440\u0430\u0441\u043e\u0442\u044b \u0438 \u0437\u0434\u043e\u0440\u043e\u0432\u044c\u044f NK\",\"isPartOf\":{\"@id\":\"https:\/\/nkcenter.cz\/#website\"},\"datePublished\":\"2023-10-25T12:44:57+00:00\",\"dateModified\":\"2024-04-06T19:08:01+00:00\",\"breadcrumb\":{\"@id\":\"https:\/\/nkcenter.cz\/cs\/kontakty\/#breadcrumb\"},\"inLanguage\":\"cs\",\"potentialAction\":[{\"@type\":\"ReadAction\",\"target\":[\"https:\/\/nkcenter.cz\/cs\/kontakty\/\"]}]},{\"@type\":\"BreadcrumbList\",\"@id\":\"https:\/\/nkcenter.cz\/cs\/kontakty\/#breadcrumb\",\"itemListElement\":[{\"@type\":\"ListItem\",\"position\":1,\"name\":\"\u0413\u043b\u0430\u0432\u043d\u0430\u044f \u0441\u0442\u0440\u0430\u043d\u0438\u0446\u0430\",\"item\":\"https:\/\/nkcenter.cz\/cs\/\"},{\"@type\":\"ListItem\",\"position\":2,\"name\":\"Kontakty\"}]},{\"@type\":\"WebSite\",\"@id\":\"https:\/\/nkcenter.cz\/#website\",\"url\":\"https:\/\/nkcenter.cz\/\",\"name\":\"\u0426\u0435\u043d\u0442\u0440 \u043a\u0440\u0430\u0441\u043e\u0442\u044b \u0438 \u0437\u0434\u043e\u0440\u043e\u0432\u044c\u044f NK\",\"description\":\"\",\"potentialAction\":[{\"@type\":\"SearchAction\",\"target\":{\"@type\":\"EntryPoint\",\"urlTemplate\":\"https:\/\/nkcenter.cz\/?s={search_term_string}\"},\"query-input\":{\"@type\":\"PropertyValueSpecification\",\"valueRequired\":true,\"valueName\":\"search_term_string\"}}],\"inLanguage\":\"cs\"}]}<\/script>\n<!-- \/ Yoast SEO Premium plugin. -->","yoast_head_json":{"title":"Kontakty - \u0426\u0435\u043d\u0442\u0440 \u043a\u0440\u0430\u0441\u043e\u0442\u044b \u0438 \u0437\u0434\u043e\u0440\u043e\u0432\u044c\u044f NK","robots":{"index":"index","follow":"follow","max-snippet":"max-snippet:-1","max-image-preview":"max-image-preview:large","max-video-preview":"max-video-preview:-1"},"canonical":"https:\/\/nkcenter.cz\/cs\/kontakty\/","og_locale":"cs_CZ","og_type":"article","og_title":"Kontakty","og_description":"[vc_row row_type=&#8221;no-container&#8221;][vc_column][vc_gmaps link=&#8221;#E-8_JTNDaWZyYW1lJTIwc3JjJTNEJTIyaHR0cHMlM0ElMkYlMkZ3d3cuZ29vZ2xlLmNvbSUyRm1hcHMlMkZlbWJlZCUzRnBiJTNEJTIxMW0xOCUyMTFtMTIlMjExbTMlMjExZDM0NDQ1LjEwODgwNDQyMzg4NiUyMTJkMTQuMzU4OTI2MDg3OTU3NzA5JTIxM2Q1MC4wODM1MTUzMDk2MzkyNiUyMTJtMyUyMTFmMCUyMTJmMCUyMTNmMCUyMTNtMiUyMTFpMTAyNCUyMTJpNzY4JTIxNGYxMy4xJTIxM20zJTIxMW0yJTIxMXMweDQ3MGI5NGY4ZTg3NTViY2IlMjUzQTB4MzhiNmI0NjI4YWEwM2M0NSUyMTJ6eGFCMFpXYkRvVzVwYTI5MllTQXhPQzh5TlN3Z01UVXdJREF3SUZCeVlXaGhJRFV0VTIzRHJXTm9iM1klMjE1ZTAlMjEzbTIlMjExc2NzJTIxMnNjeiUyMTR2MTcxMjQyNTg2OTA1MiUyMTVtMiUyMTFzY3MlMjEyc2N6JTIyJTIwd2lkdGglM0QlMjI2MDAlMjIlMjBoZWlnaHQlM0QlMjI0NTAlMjIlMjBzdHlsZSUzRCUyMmJvcmRlciUzQTAlM0IlMjIlMjBhbGxvd2Z1bGxzY3JlZW4lM0QlMjIlMjIlMjBsb2FkaW5nJTNEJTIybGF6eSUyMiUyMHJlZmVycmVycG9saWN5JTNEJTIybm8tcmVmZXJyZXItd2hlbi1kb3duZ3JhZGUlMjIlM0UlM0MlMkZpZnJhbWUlM0U=&#8221; el_class=&#8221;ro_overlay_map&#8221;][\/vc_column][\/vc_row][vc_row css=&#8221;.vc_custom_1447253490811{padding-top: 90px !important;padding-bottom: 90px !important;background-color: #ffffff !important;}&#8221;][vc_column offset=&#8221;vc_col-lg-4 vc_col-md-4&#8243;][\/vc_column][vc_column el_class=&#8221;text-center&#8221; offset=&#8221;vc_col-lg-4 vc_col-md-4&#8243;][\/vc_column][vc_column el_class=&#8221;text-right&#8221; offset=&#8221;vc_col-lg-4 vc_col-md-4&#8243;][\/vc_column][\/vc_row][vc_row css=&#8221;.vc_custom_1447255909485{padding-top: 120px !important;padding-bottom: 90px !important;background-color: #f8f8f8 !important;}&#8221;][vc_column][\/vc_column][\/vc_row]","og_url":"https:\/\/nkcenter.cz\/cs\/kontakty\/","og_site_name":"\u0426\u0435\u043d\u0442\u0440 \u043a\u0440\u0430\u0441\u043e\u0442\u044b \u0438 \u0437\u0434\u043e\u0440\u043e\u0432\u044c\u044f NK","article_modified_time":"2024-04-06T19:08:01+00:00","twitter_card":"summary_large_image","schema":{"@context":"https:\/\/schema.org","@graph":[{"@type":"WebPage","@id":"https:\/\/nkcenter.cz\/cs\/kontakty\/","url":"https:\/\/nkcenter.cz\/cs\/kontakty\/","name":"Kontakty - \u0426\u0435\u043d\u0442\u0440 \u043a\u0440\u0430\u0441\u043e\u0442\u044b \u0438 \u0437\u0434\u043e\u0440\u043e\u0432\u044c\u044f NK","isPartOf":{"@id":"https:\/\/nkcenter.cz\/#website"},"datePublished":"2023-10-25T12:44:57+00:00","dateModified":"2024-04-06T19:08:01+00:00","breadcrumb":{"@id":"https:\/\/nkcenter.cz\/cs\/kontakty\/#breadcrumb"},"inLanguage":"cs","potentialAction":[{"@type":"ReadAction","target":["https:\/\/nkcenter.cz\/cs\/kontakty\/"]}]},{"@type":"BreadcrumbList","@id":"https:\/\/nkcenter.cz\/cs\/kontakty\/#breadcrumb","itemListElement":[{"@type":"ListItem","position":1,"name":"\u0413\u043b\u0430\u0432\u043d\u0430\u044f \u0441\u0442\u0440\u0430\u043d\u0438\u0446\u0430","item":"https:\/\/nkcenter.cz\/cs\/"},{"@type":"ListItem","position":2,"name":"Kontakty"}]},{"@type":"WebSite","@id":"https:\/\/nkcenter.cz\/#website","url":"https:\/\/nkcenter.cz\/","name":"\u0426\u0435\u043d\u0442\u0440 \u043a\u0440\u0430\u0441\u043e\u0442\u044b \u0438 \u0437\u0434\u043e\u0440\u043e\u0432\u044c\u044f NK","description":"","potentialAction":[{"@type":"SearchAction","target":{"@type":"EntryPoint","urlTemplate":"https:\/\/nkcenter.cz\/?s={search_term_string}"},"query-input":{"@type":"PropertyValueSpecification","valueRequired":true,"valueName":"search_term_string"}}],"inLanguage":"cs"}]}},"_links":{"self":[{"href":"https:\/\/nkcenter.cz\/cs\/wp-json\/wp\/v2\/pages\/5290","targetHints":{"allow":["GET"]}}],"collection":[{"href":"https:\/\/nkcenter.cz\/cs\/wp-json\/wp\/v2\/pages"}],"about":[{"href":"https:\/\/nkcenter.cz\/cs\/wp-json\/wp\/v2\/types\/page"}],"author":[{"embeddable":true,"href":"https:\/\/nkcenter.cz\/cs\/wp-json\/wp\/v2\/users\/1"}],"replies":[{"embeddable":true,"href":"https:\/\/nkcenter.cz\/cs\/wp-json\/wp\/v2\/comments?post=5290"}],"version-history":[{"count":15,"href":"https:\/\/nkcenter.cz\/cs\/wp-json\/wp\/v2\/pages\/5290\/revisions"}],"predecessor-version":[{"id":6434,"href":"https:\/\/nkcenter.cz\/cs\/wp-json\/wp\/v2\/pages\/5290\/revisions\/6434"}],"wp:attachment":[{"href":"https:\/\/nkcenter.cz\/cs\/wp-json\/wp\/v2\/media?parent=5290"}],"curies":[{"name":"wp","href":"https:\/\/api.w.org\/{rel}","templated":true}]}}