{"id":3845,"date":"2023-04-12T12:25:34","date_gmt":"2023-04-12T10:25:34","guid":{"rendered":"https:\/\/nkcenter.cz\/o-nas\/"},"modified":"2026-03-13T18:22:31","modified_gmt":"2026-03-13T17:22:31","slug":"o-nas","status":"publish","type":"page","link":"https:\/\/nkcenter.cz\/cs\/o-nas\/","title":{"rendered":"O n\u00e1s"},"content":{"rendered":"<div class=\"wpb-content-wrapper\"><p>[vc_row css=&#8221;.vc_custom_1657137317548{padding-top: 20px !important;background-color: #f7f7f7 !important;background-position: center !important;background-repeat: no-repeat !important;background-size: cover !important;}&#8221;][vc_column]\t\t<div class=\"ro-hr-heading \">\n\t\t\t\t\t<\/div>\n    [\/vc_column][\/vc_row][vc_row css=&#8221;.vc_custom_1692340167043{margin-top: -20px !important;background-color: #f7f7f7 !important;background-position: center !important;background-repeat: no-repeat !important;background-size: cover !important;}&#8221;][vc_column width=&#8221;1\/3&#8243; css=&#8221;.vc_custom_1736429905171{padding-right: 20px !important;padding-left: 20px !important;}&#8221;][vc_single_image image=&#8221;5162&#8243; img_size=&#8221;full&#8221; alignment=&#8221;center&#8221; style=&#8221;vc_box_shadow_border_circle_2&#8243; onclick=&#8221;custom_link&#8221;][vc_column_text]<\/p>\n<p style=\"text-align: center;\"><a style=\"color: blue; text-decoration: underline;\" href=\"\/cs\/specialist\/\u043a\u0430iola-n\u0430t\u0430liia\/\"><br \/>\n<strong>Mgr. Natalia Kaiola<\/strong><br \/>\n<\/a><\/p>\n<p style=\"text-align: center;\"><strong><em>Zakladatelka Centra kr\u00e1sy a zdrav\u00ed pro celou rodinu.<\/em><\/strong><\/p>\n<p style=\"text-align: center;\"><strong>Fyzioterapeut, osteopat, kosmetolog, specialistka na facelifting.<\/strong><\/p>\n<p style=\"text-align: center;\">20+ autorsk\u00fdch program\u016f.<\/p>\n<p style=\"text-align: center;\">V\u00edce ne\u017e 20 let zku\u0161enost\u00ed v oblasti fyzioterapie, rehabilitace a kosmetologie.<\/p>\n<p style=\"text-align: center;\">Modern\u00ed metody + individu\u00e1ln\u00ed p\u0159\u00edstup k ka\u017ed\u00e9mu klientovi = maxim\u00e1ln\u00ed \u00fa\u010dinek z procedur a stabiln\u00ed v\u00fdsledky.<\/p>\n<p>[\/vc_column_text][\/vc_column][vc_column width=&#8221;1\/3&#8243;][vc_single_image image=&#8221;8898&#8243; img_size=&#8221;full&#8221; alignment=&#8221;center&#8221; style=&#8221;vc_box_shadow_border_circle_2&#8243; onclick=&#8221;custom_link&#8221; css_animation=&#8221;none&#8221; link=&#8221;https:\/\/nkcenter.cz\/liudmila-gorgos\/&#8221;][vc_column_text]<\/p>\n<p style=\"text-align: center;\"><a style=\"color: blue; text-decoration: underline;\" href=\"\/cs\/specialist\/ludmila-gorgos\/\"><br \/>\n<strong>Oleksandr Odorodko<\/strong><br \/>\n<\/a><\/p>\n<p style=\"text-align: center;\"><strong><span style=\"color: #0000ff;\">Pobo\u010dka Kolin<\/span><\/strong><\/p>\n<p style=\"text-align: center;\">Odborn\u00edk se zdravotn\u00edm vzd\u011bl\u00e1n\u00edm.<\/p>\n<p style=\"text-align: center;\"><strong>Mas\u00e9r<\/strong> s v\u00edce ne\u017e p\u011btiletou prax\u00ed.<\/p>\n<p style=\"text-align: center;\">Autorsk\u00e1 technika regenera\u010dn\u00ed mas\u00e1\u017ee t\u011bla.<\/p>\n<p style=\"text-align: center;\">Anticelulitidn\u00ed mas\u00e1\u017e. Jemn\u00e9 techniky uvoln\u011bn\u00ed svalov\u00e9 bolesti.<\/p>\n<p style=\"text-align: center;\">\u0160pan\u011blsk\u00e1 mas\u00e1\u017e obli\u010deje.<\/p>\n<p>[\/vc_column_text][\/vc_column][vc_column width=&#8221;1\/3&#8243; css=&#8221;.vc_custom_1736429896571{padding-right: 20px !important;padding-left: 20px !important;}&#8221;][vc_single_image image=&#8221;8689&#8243; img_size=&#8221;full&#8221; style=&#8221;vc_box_shadow_border_circle_2&#8243;][vc_column_text]<\/p>\n<p style=\"text-align: center;\"><span style=\"color: #0000ff;\"><strong>Olena Pimenova<\/strong><\/span><\/p>\n<p style=\"text-align: center;\"><strong>Logoped, psycholog<\/strong><\/p>\n<p>[\/vc_column_text][\/vc_column][\/vc_row][vc_row css=&#8221;.vc_custom_1657137317548{padding-top: 20px !important;background-color: #f7f7f7 !important;background-position: center !important;background-repeat: no-repeat !important;background-size: cover !important;}&#8221;][vc_column][vc_column_text]<\/p>\n<h2 style=\"text-align: center;\">N\u00e1\u0161 slogan \u2013 \u201cKr\u00e1sa p\u0159es zdrav\u00ed\u201d<\/h2>\n<p>Nab\u00edz\u00edme individu\u00e1ln\u00ed bali\u010dky procedur pro zlep\u0161en\u00ed zdrav\u00ed a \u0159e\u0161en\u00ed kosmetick\u00fdch probl\u00e9m\u016f:<\/p>\n<ul>\n<li>Diagnostika zdravotn\u00edho stavu<\/li>\n<li>V\u00fd\u017eivov\u00fd pl\u00e1n s j\u00eddeln\u00ed\u010dkem na m\u00edru<\/li>\n<li>Kinezioterapie a trakce p\u00e1te\u0159e na desce Evminova<\/li>\n<li>Klasick\u00e1 a vakuov\u00e1 v\u00e1le\u010dkov\u00e1 p\u0159\u00edstrojov\u00e1 mas\u00e1\u017e, z\u00e1baly, RF-lifting, pressoterapie, paraf\u00ednov\u00e1 terapie.<\/li>\n<li>Neinvazivn\u00ed plastika, mikroproudov\u00e1 terapie, elektroporace, kryoterapie, modeluj\u00edc\u00ed mas\u00e1\u017ee obli\u010deje, \u010di\u0161t\u011bn\u00ed a peeling pleti, p\u00e9\u010de o ple\u0165<\/li>\n<\/ul>\n<p>Z\u00e1kladem na\u0161eho \u00fasp\u011bchu jsou vysoce kvalifikovan\u00ed specialist\u00e9, autorsk\u00e9 metody, modern\u00ed vybaven\u00ed a \u00fa\u010dinn\u00e9 kosmetick\u00e9 a fytop\u0159\u00edpravky. Vzd\u011bl\u00e1v\u00e1me na\u0161e zam\u011bstnance a prov\u00e1d\u00edme certifika\u010dn\u00ed programy pro ty, kte\u0159\u00ed cht\u011bj\u00ed zv\u00fd\u0161it svou kvalifikaci nebo z\u00edskat profesi v oblasti kr\u00e1sy a zdrav\u00ed. Nab\u00edz\u00edme tak\u00e9 fran\u0161\u00edzu pro ty, kte\u0159\u00ed cht\u011bj\u00ed zalo\u017eit vlastn\u00ed byznys na z\u00e1klad\u011b na\u0161ich zku\u0161enost\u00ed.<\/p>\n<p>Od sv\u00e9ho vzniku v roce 2014 jsme pomohli v\u00edce ne\u017e 5000 klient\u016fm.[\/vc_column_text][\/vc_column][\/vc_row]<\/p>\n<\/div>","protected":false},"excerpt":{"rendered":"<p>[vc_row css=&#8221;.vc_custom_1657137317548{padding-top: 20px !important;background-color: #f7f7f7 !important;background-position: center !important;background-repeat: no-repeat !important;background-size: cover !important;}&#8221;][vc_column][\/vc_column][\/vc_row][vc_row css=&#8221;.vc_custom_1692340167043{margin-top: -20px !important;background-color: #f7f7f7 !important;background-position: center !important;background-repeat: no-repeat !important;background-size: cover !important;}&#8221;][vc_column width=&#8221;1\/3&#8243; css=&#8221;.vc_custom_1736429905171{padding-right: 20px !important;padding-left: 20px !important;}&#8221;][vc_single_image image=&#8221;5162&#8243; img_size=&#8221;full&#8221; alignment=&#8221;center&#8221; style=&#8221;vc_box_shadow_border_circle_2&#8243; onclick=&#8221;custom_link&#8221;][vc_column_text] Mgr. Natalia Kaiola Zakladatelka Centra kr\u00e1sy a zdrav\u00ed pro celou rodinu. Fyzioterapeut, osteopat, kosmetolog, specialistka na facelifting. 20+ autorsk\u00fdch program\u016f. V\u00edce [&hellip;]<\/p>\n","protected":false},"author":1,"featured_media":0,"parent":0,"menu_order":0,"comment_status":"closed","ping_status":"closed","template":"","meta":{"footnotes":""},"class_list":["post-3845","page","type-page","status-publish","hentry"],"yoast_head":"<!-- This site is optimized with the Yoast SEO Premium plugin v20.0 (Yoast SEO v25.0) - https:\/\/yoast.com\/wordpress\/plugins\/seo\/ -->\n<title>O n\u00e1s - \u0426\u0435\u043d\u0442\u0440 \u043a\u0440\u0430\u0441\u043e\u0442\u044b \u0438 \u0437\u0434\u043e\u0440\u043e\u0432\u044c\u044f NK<\/title>\n<meta name=\"description\" content=\"N\u00e1\u0161 slogan \u2013 \u201cKr\u00e1sa p\u0159es zdrav\u00ed\u201dNab\u00edz\u00edme individu\u00e1ln\u00ed bali\u010dky procedur pro zlep\u0161en\u00ed zdrav\u00ed a \u0159e\u0161en\u00ed kosmetick\u00fdch probl\u00e9m\u016f:\" \/>\n<meta name=\"robots\" content=\"index, follow, max-snippet:-1, max-image-preview:large, max-video-preview:-1\" \/>\n<link rel=\"canonical\" href=\"https:\/\/nkcenter.cz\/cs\/o-nas\/\" \/>\n<meta property=\"og:locale\" content=\"cs_CZ\" \/>\n<meta property=\"og:type\" content=\"article\" \/>\n<meta property=\"og:title\" content=\"O n\u00e1s\" \/>\n<meta property=\"og:description\" content=\"N\u00e1\u0161 slogan \u2013 \u201cKr\u00e1sa p\u0159es zdrav\u00ed\u201dNab\u00edz\u00edme individu\u00e1ln\u00ed bali\u010dky procedur pro zlep\u0161en\u00ed zdrav\u00ed a \u0159e\u0161en\u00ed kosmetick\u00fdch probl\u00e9m\u016f:\" \/>\n<meta property=\"og:url\" content=\"https:\/\/nkcenter.cz\/cs\/o-nas\/\" \/>\n<meta property=\"og:site_name\" content=\"\u0426\u0435\u043d\u0442\u0440 \u043a\u0440\u0430\u0441\u043e\u0442\u044b \u0438 \u0437\u0434\u043e\u0440\u043e\u0432\u044c\u044f NK\" \/>\n<meta property=\"article:modified_time\" content=\"2026-03-13T17:22:31+00:00\" \/>\n<meta name=\"twitter:card\" content=\"summary_large_image\" \/>\n<script type=\"application\/ld+json\" class=\"yoast-schema-graph\">{\"@context\":\"https:\/\/schema.org\",\"@graph\":[{\"@type\":\"WebPage\",\"@id\":\"https:\/\/nkcenter.cz\/cs\/o-nas\/\",\"url\":\"https:\/\/nkcenter.cz\/cs\/o-nas\/\",\"name\":\"O n\u00e1s - \u0426\u0435\u043d\u0442\u0440 \u043a\u0440\u0430\u0441\u043e\u0442\u044b \u0438 \u0437\u0434\u043e\u0440\u043e\u0432\u044c\u044f NK\",\"isPartOf\":{\"@id\":\"https:\/\/nkcenter.cz\/#website\"},\"datePublished\":\"2023-04-12T10:25:34+00:00\",\"dateModified\":\"2026-03-13T17:22:31+00:00\",\"description\":\"N\u00e1\u0161 slogan \u2013 \u201cKr\u00e1sa p\u0159es zdrav\u00ed\u201dNab\u00edz\u00edme individu\u00e1ln\u00ed bali\u010dky procedur pro zlep\u0161en\u00ed zdrav\u00ed a \u0159e\u0161en\u00ed kosmetick\u00fdch probl\u00e9m\u016f:\",\"breadcrumb\":{\"@id\":\"https:\/\/nkcenter.cz\/cs\/o-nas\/#breadcrumb\"},\"inLanguage\":\"cs\",\"potentialAction\":[{\"@type\":\"ReadAction\",\"target\":[\"https:\/\/nkcenter.cz\/cs\/o-nas\/\"]}]},{\"@type\":\"BreadcrumbList\",\"@id\":\"https:\/\/nkcenter.cz\/cs\/o-nas\/#breadcrumb\",\"itemListElement\":[{\"@type\":\"ListItem\",\"position\":1,\"name\":\"\u0413\u043b\u0430\u0432\u043d\u0430\u044f \u0441\u0442\u0440\u0430\u043d\u0438\u0446\u0430\",\"item\":\"https:\/\/nkcenter.cz\/cs\/\"},{\"@type\":\"ListItem\",\"position\":2,\"name\":\"O n\u00e1s\"}]},{\"@type\":\"WebSite\",\"@id\":\"https:\/\/nkcenter.cz\/#website\",\"url\":\"https:\/\/nkcenter.cz\/\",\"name\":\"\u0426\u0435\u043d\u0442\u0440 \u043a\u0440\u0430\u0441\u043e\u0442\u044b \u0438 \u0437\u0434\u043e\u0440\u043e\u0432\u044c\u044f NK\",\"description\":\"\",\"potentialAction\":[{\"@type\":\"SearchAction\",\"target\":{\"@type\":\"EntryPoint\",\"urlTemplate\":\"https:\/\/nkcenter.cz\/?s={search_term_string}\"},\"query-input\":{\"@type\":\"PropertyValueSpecification\",\"valueRequired\":true,\"valueName\":\"search_term_string\"}}],\"inLanguage\":\"cs\"}]}<\/script>\n<!-- \/ Yoast SEO Premium plugin. -->","yoast_head_json":{"title":"O n\u00e1s - \u0426\u0435\u043d\u0442\u0440 \u043a\u0440\u0430\u0441\u043e\u0442\u044b \u0438 \u0437\u0434\u043e\u0440\u043e\u0432\u044c\u044f NK","description":"N\u00e1\u0161 slogan \u2013 \u201cKr\u00e1sa p\u0159es zdrav\u00ed\u201dNab\u00edz\u00edme individu\u00e1ln\u00ed bali\u010dky procedur pro zlep\u0161en\u00ed zdrav\u00ed a \u0159e\u0161en\u00ed kosmetick\u00fdch probl\u00e9m\u016f:","robots":{"index":"index","follow":"follow","max-snippet":"max-snippet:-1","max-image-preview":"max-image-preview:large","max-video-preview":"max-video-preview:-1"},"canonical":"https:\/\/nkcenter.cz\/cs\/o-nas\/","og_locale":"cs_CZ","og_type":"article","og_title":"O n\u00e1s","og_description":"N\u00e1\u0161 slogan \u2013 \u201cKr\u00e1sa p\u0159es zdrav\u00ed\u201dNab\u00edz\u00edme individu\u00e1ln\u00ed bali\u010dky procedur pro zlep\u0161en\u00ed zdrav\u00ed a \u0159e\u0161en\u00ed kosmetick\u00fdch probl\u00e9m\u016f:","og_url":"https:\/\/nkcenter.cz\/cs\/o-nas\/","og_site_name":"\u0426\u0435\u043d\u0442\u0440 \u043a\u0440\u0430\u0441\u043e\u0442\u044b \u0438 \u0437\u0434\u043e\u0440\u043e\u0432\u044c\u044f NK","article_modified_time":"2026-03-13T17:22:31+00:00","twitter_card":"summary_large_image","schema":{"@context":"https:\/\/schema.org","@graph":[{"@type":"WebPage","@id":"https:\/\/nkcenter.cz\/cs\/o-nas\/","url":"https:\/\/nkcenter.cz\/cs\/o-nas\/","name":"O n\u00e1s - \u0426\u0435\u043d\u0442\u0440 \u043a\u0440\u0430\u0441\u043e\u0442\u044b \u0438 \u0437\u0434\u043e\u0440\u043e\u0432\u044c\u044f NK","isPartOf":{"@id":"https:\/\/nkcenter.cz\/#website"},"datePublished":"2023-04-12T10:25:34+00:00","dateModified":"2026-03-13T17:22:31+00:00","description":"N\u00e1\u0161 slogan \u2013 \u201cKr\u00e1sa p\u0159es zdrav\u00ed\u201dNab\u00edz\u00edme individu\u00e1ln\u00ed bali\u010dky procedur pro zlep\u0161en\u00ed zdrav\u00ed a \u0159e\u0161en\u00ed kosmetick\u00fdch probl\u00e9m\u016f:","breadcrumb":{"@id":"https:\/\/nkcenter.cz\/cs\/o-nas\/#breadcrumb"},"inLanguage":"cs","potentialAction":[{"@type":"ReadAction","target":["https:\/\/nkcenter.cz\/cs\/o-nas\/"]}]},{"@type":"BreadcrumbList","@id":"https:\/\/nkcenter.cz\/cs\/o-nas\/#breadcrumb","itemListElement":[{"@type":"ListItem","position":1,"name":"\u0413\u043b\u0430\u0432\u043d\u0430\u044f \u0441\u0442\u0440\u0430\u043d\u0438\u0446\u0430","item":"https:\/\/nkcenter.cz\/cs\/"},{"@type":"ListItem","position":2,"name":"O n\u00e1s"}]},{"@type":"WebSite","@id":"https:\/\/nkcenter.cz\/#website","url":"https:\/\/nkcenter.cz\/","name":"\u0426\u0435\u043d\u0442\u0440 \u043a\u0440\u0430\u0441\u043e\u0442\u044b \u0438 \u0437\u0434\u043e\u0440\u043e\u0432\u044c\u044f NK","description":"","potentialAction":[{"@type":"SearchAction","target":{"@type":"EntryPoint","urlTemplate":"https:\/\/nkcenter.cz\/?s={search_term_string}"},"query-input":{"@type":"PropertyValueSpecification","valueRequired":true,"valueName":"search_term_string"}}],"inLanguage":"cs"}]}},"_links":{"self":[{"href":"https:\/\/nkcenter.cz\/cs\/wp-json\/wp\/v2\/pages\/3845","targetHints":{"allow":["GET"]}}],"collection":[{"href":"https:\/\/nkcenter.cz\/cs\/wp-json\/wp\/v2\/pages"}],"about":[{"href":"https:\/\/nkcenter.cz\/cs\/wp-json\/wp\/v2\/types\/page"}],"author":[{"embeddable":true,"href":"https:\/\/nkcenter.cz\/cs\/wp-json\/wp\/v2\/users\/1"}],"replies":[{"embeddable":true,"href":"https:\/\/nkcenter.cz\/cs\/wp-json\/wp\/v2\/comments?post=3845"}],"version-history":[{"count":43,"href":"https:\/\/nkcenter.cz\/cs\/wp-json\/wp\/v2\/pages\/3845\/revisions"}],"predecessor-version":[{"id":9460,"href":"https:\/\/nkcenter.cz\/cs\/wp-json\/wp\/v2\/pages\/3845\/revisions\/9460"}],"wp:attachment":[{"href":"https:\/\/nkcenter.cz\/cs\/wp-json\/wp\/v2\/media?parent=3845"}],"curies":[{"name":"wp","href":"https:\/\/api.w.org\/{rel}","templated":true}]}}